{"id":2380,"date":"2024-03-15T17:32:33","date_gmt":"2024-03-15T17:32:33","guid":{"rendered":"https:\/\/renisarecicla.com\/new\/?page_id=2380"},"modified":"2024-03-15T21:57:08","modified_gmt":"2024-03-15T21:57:08","slug":"reciclaje","status":"publish","type":"page","link":"https:\/\/renisarecicla.com\/new\/reciclaje\/","title":{"rendered":"Reciclaje"},"content":{"rendered":"\t\t<div data-elementor-type=\"wp-page\" data-elementor-id=\"2380\" class=\"elementor elementor-2380\">\n\t\t\t\t\t\t<section class=\"elementor-section elementor-inner-section elementor-element elementor-element-52466df elementor-section-boxed elementor-section-height-default elementor-section-height-default\" data-id=\"52466df\" data-element_type=\"section\">\n\t\t\t\t\t\t<div class=\"elementor-container elementor-column-gap-no\">\n\t\t\t\t\t<div class=\"elementor-column elementor-col-100 elementor-inner-column elementor-element elementor-element-6cd1b5d\" data-id=\"6cd1b5d\" data-element_type=\"column\">\n\t\t\t<div class=\"elementor-widget-wrap elementor-element-populated\">\n\t\t\t\t\t\t<div class=\"elementor-element elementor-element-1c49292 elementor-widget elementor-widget-energisosectiontitle\" data-id=\"1c49292\" data-element_type=\"widget\" data-widget_type=\"energisosectiontitle.default\">\n\t\t\t\t<div class=\"elementor-widget-container\">\n\t\t\t<!-- Section Title --><div class=\"title-area\" ><h2 class=\"sec-subtitle subtitle-selector\">RENISA GREEN SERVICES<\/h2><h3 class=\"sec-title title-selector h1\">Compramos diferentes tipos de materiales reciclables como: papel, metales ferrosos, vidrio, pl\u00e1stico.<\/h3><\/div><!-- End Section Title -->\t\t<\/div>\n\t\t\t\t<\/div>\n\t\t\t\t\t<\/div>\n\t\t<\/div>\n\t\t\t\t\t<\/div>\n\t\t<\/section>\n\t\t\t\t<section class=\"elementor-section elementor-top-section elementor-element elementor-element-400a51c elementor-section-boxed elementor-section-height-default elementor-section-height-default\" data-id=\"400a51c\" data-element_type=\"section\">\n\t\t\t\t\t\t<div class=\"elementor-container elementor-column-gap-default\">\n\t\t\t\t\t<div class=\"elementor-column elementor-col-100 elementor-top-column elementor-element elementor-element-32058f9\" data-id=\"32058f9\" data-element_type=\"column\">\n\t\t\t<div class=\"elementor-widget-wrap elementor-element-populated\">\n\t\t\t\t\t\t<section class=\"elementor-section elementor-inner-section elementor-element elementor-element-ba9a835 elementor-section-full_width elementor-section-height-default elementor-section-height-default\" data-id=\"ba9a835\" data-element_type=\"section\">\n\t\t\t\t\t\t<div class=\"elementor-container elementor-column-gap-no\">\n\t\t\t\t\t<div class=\"elementor-column elementor-col-100 elementor-inner-column elementor-element elementor-element-d5c7003\" data-id=\"d5c7003\" data-element_type=\"column\">\n\t\t\t<div class=\"elementor-widget-wrap elementor-element-populated\">\n\t\t\t\t\t\t<div class=\"elementor-element elementor-element-c1fda1b elementor-widget elementor-widget-energisoserviceslider\" data-id=\"c1fda1b\" data-element_type=\"widget\" data-widget_type=\"energisoserviceslider.default\">\n\t\t\t\t<div class=\"elementor-widget-container\">\n\t\t\t<div class=\"service-wrapper\"><div class=\"container\"><div class=\"row vs-carousel gx-0\" data-slick-arrows=\"false\" data-slick-autoplay=\"false\" data-slide-to-show=\"4\"><div class=\"col-xl-3\"><div class=\"service-style1\"><div class=\"service-img\"><img decoding=\"async\" src=\"https:\/\/renisarecicla.com\/new\/wp-content\/uploads\/2024\/03\/services-icon-paper-.jpg\" alt=\"services icon paper \"  \/><\/div><div class=\"service-icon\"><img decoding=\"async\" src=\"https:\/\/wordpress.vecurosoft.com\/energiso\/wp-content\/uploads\/2022\/10\/sr-1-1-1.png\" alt=\"sr 1 1 1\"  \/><\/div><h3 class=\"service-title h5\"><a class=\"text-inherit\" href=\"\">PAPEL<\/a><\/h3><div class=\"description-wrapper\"><ul><li style=\"text-align: left\">Archivos descontinuados \u2013 (Extendemos certificado de destrucci\u00f3n)<\/li><li style=\"text-align: left\">Papeler\u00eda de oficina y papel carb\u00f3n<\/li><li style=\"text-align: left\">Papeler\u00eda confidencial<\/li><li style=\"text-align: left\">Revista<\/li><li style=\"text-align: left\">Cat\u00e1logos<\/li><li style=\"text-align: left\">Revistas<\/li><li style=\"text-align: left\">Papeles escolares<\/li><li style=\"text-align: left\">Recortes de imprenta<\/li><li style=\"text-align: left\">Papel Peri\u00f3dico con\/sin impresi\u00f3n<\/li><li style=\"text-align: left\">Libros<\/li><li style=\"text-align: left\">Tetrapack<\/li><\/ul><\/div><div class=\"shape-dotted\"><\/div><\/div><\/div><div class=\"col-xl-3\"><div class=\"service-style1\"><div class=\"service-img\"><img decoding=\"async\" src=\"https:\/\/renisarecicla.com\/new\/wp-content\/uploads\/2024\/03\/services-icon-plastic-.jpg\" alt=\"services icon plastic \"  \/><\/div><div class=\"service-icon\"><img decoding=\"async\" src=\"https:\/\/wordpress.vecurosoft.com\/energiso\/wp-content\/uploads\/2022\/10\/sr-1-2-1.png\" alt=\"sr 1 2 1\"  \/><\/div><h3 class=\"service-title h5\"><a class=\"text-inherit\" href=\"\">PLASTICO<\/a><\/h3><div class=\"description-wrapper\"><ul><li style=\"text-align: left\">Pl\u00e1stico de Bolsa, (Trasparente, Negro y Color)<\/li><li style=\"text-align: left\">Pl\u00e1stico Solido<br \/>Pl\u00e1stico de Gal\u00f3n (HDPE)<\/li><li style=\"text-align: left\">Botellas Pl\u00e1stico (PET)<br \/>Cajillas<\/li><\/ul><\/div><div class=\"shape-dotted\"><\/div><\/div><\/div><div class=\"col-xl-3\"><div class=\"service-style1\"><div class=\"service-img\"><img decoding=\"async\" src=\"https:\/\/renisarecicla.com\/new\/wp-content\/uploads\/2024\/03\/img-renisa-metales-reciclaje.jpg\" alt=\"img renisa metales reciclaje\"  \/><\/div><div class=\"service-icon\"><img decoding=\"async\" src=\"https:\/\/wordpress.vecurosoft.com\/energiso\/wp-content\/uploads\/2022\/10\/sr-1-3-1.png\" alt=\"sr 1 3 1\"  \/><\/div><h3 class=\"service-title h5\"><a class=\"text-inherit\" href=\"\">METALES NO FERROSOS<\/a><\/h3><div class=\"description-wrapper\"><ul><li>Cobre<\/li><li>Bronce<\/li><li>Acero<\/li><li>Esta\u00f1o<\/li><li>Aluminio Lata<\/li><li>Aluminio S\u00f3lidos<\/li><li>Radiadores<br \/>Lat\u00f3n<br \/>Esta\u00f1o<br \/>Litograf\u00eda<\/li><\/ul><\/div><div class=\"shape-dotted\"><\/div><\/div><\/div><div class=\"col-xl-3\"><div class=\"service-style1\"><div class=\"service-img\"><img decoding=\"async\" src=\"https:\/\/wordpress.vecurosoft.com\/energiso\/wp-content\/uploads\/2022\/10\/sr-1-4.png\" alt=\"sr 1 4\"  \/><\/div><div class=\"service-icon\"><img decoding=\"async\" src=\"https:\/\/wordpress.vecurosoft.com\/energiso\/wp-content\/uploads\/2022\/10\/sr-1-4-1.png\" alt=\"sr 1 4 1\"  \/><\/div><h3 class=\"service-title h5\"><a class=\"text-inherit\" href=\"\">VIDRIO<\/a><\/h3><div class=\"description-wrapper\"><ul><li style=\"text-align: left\">Vidrio Templado<\/li><li style=\"text-align: left\">Botella de vidrio (diversos colores)<\/li><li style=\"text-align: left\">Vidrio Laminado<\/li><li style=\"text-align: left\">Vidrio Serigrafiado<\/li><\/ul><\/div><div class=\"shape-dotted\"><\/div><\/div><\/div><\/div><\/div><\/div>\t\t<\/div>\n\t\t\t\t<\/div>\n\t\t\t\t\t<\/div>\n\t\t<\/div>\n\t\t\t\t\t<\/div>\n\t\t<\/section>\n\t\t\t\t\t<\/div>\n\t\t<\/div>\n\t\t\t\t\t<\/div>\n\t\t<\/section>\n\t\t\t\t<\/div>\n\t\t","protected":false},"excerpt":{"rendered":"<p>RENISA GREEN SERVICES Compramos diferentes tipos de materiales reciclables como: papel, metales ferrosos, vidrio, pl\u00e1stico. PAPEL Archivos descontinuados \u2013 (Extendemos certificado de destrucci\u00f3n) Papeler\u00eda de oficina y papel carb\u00f3n Papeler\u00eda confidencial Revista Cat\u00e1logos Revistas Papeles escolares Recortes de imprenta Papel Peri\u00f3dico con\/sin impresi\u00f3n Libros Tetrapack PLASTICO Pl\u00e1stico de Bolsa, (Trasparente, Negro y Color) Pl\u00e1stico SolidoPl\u00e1stico&#8230;<\/p>\n","protected":false},"author":1,"featured_media":0,"parent":0,"menu_order":0,"comment_status":"closed","ping_status":"closed","template":"","meta":{"footnotes":""},"class_list":["post-2380","page","type-page","status-publish","hentry"],"_links":{"self":[{"href":"https:\/\/renisarecicla.com\/new\/wp-json\/wp\/v2\/pages\/2380","targetHints":{"allow":["GET"]}}],"collection":[{"href":"https:\/\/renisarecicla.com\/new\/wp-json\/wp\/v2\/pages"}],"about":[{"href":"https:\/\/renisarecicla.com\/new\/wp-json\/wp\/v2\/types\/page"}],"author":[{"embeddable":true,"href":"https:\/\/renisarecicla.com\/new\/wp-json\/wp\/v2\/users\/1"}],"replies":[{"embeddable":true,"href":"https:\/\/renisarecicla.com\/new\/wp-json\/wp\/v2\/comments?post=2380"}],"version-history":[{"count":31,"href":"https:\/\/renisarecicla.com\/new\/wp-json\/wp\/v2\/pages\/2380\/revisions"}],"predecessor-version":[{"id":2462,"href":"https:\/\/renisarecicla.com\/new\/wp-json\/wp\/v2\/pages\/2380\/revisions\/2462"}],"wp:attachment":[{"href":"https:\/\/renisarecicla.com\/new\/wp-json\/wp\/v2\/media?parent=2380"}],"curies":[{"name":"wp","href":"https:\/\/api.w.org\/{rel}","templated":true}]}}